{"id":8655,"date":"2026-02-05T20:03:40","date_gmt":"2026-02-05T20:03:40","guid":{"rendered":"https:\/\/sader.tedmob.com\/shop\/%d8%a7%d9%84%d9%88%d8%ac%d9%8a%d8%b2-%d9%81%d9%8a-%d8%b4%d8%b1%d8%ad-%d8%a7%d9%84%d9%82%d8%a7%d9%86%d9%88%d9%86-%d8%a7%d9%84%d8%ac%d8%b2%d8%a7%d8%a6%d9%8a-%d8%a7%d9%84%d9%84%d8%a8%d9%86%d8%a7%d9%86\/"},"modified":"2026-04-10T13:09:30","modified_gmt":"2026-04-10T13:09:30","slug":"%d8%a7%d9%84%d9%88%d8%ac%d9%8a%d8%b2-%d9%81%d9%8a-%d8%b4%d8%b1%d8%ad-%d8%a7%d9%84%d9%82%d8%a7%d9%86%d9%88%d9%86-%d8%a7%d9%84%d8%ac%d8%b2%d8%a7%d8%a6%d9%8a-%d8%a7%d9%84%d9%84%d8%a8%d9%86%d8%a7%d9%86","status":"publish","type":"product","link":"https:\/\/sader.tedmob.com\/en\/shop\/%d8%a7%d9%84%d9%88%d8%ac%d9%8a%d8%b2-%d9%81%d9%8a-%d8%b4%d8%b1%d8%ad-%d8%a7%d9%84%d9%82%d8%a7%d9%86%d9%88%d9%86-%d8%a7%d9%84%d8%ac%d8%b2%d8%a7%d8%a6%d9%8a-%d8%a7%d9%84%d9%84%d8%a8%d9%86%d8%a7%d9%86\/","title":{"rendered":"\u0627\u0644\u0648\u062c\u064a\u0632 \u0641\u064a \u0634\u0631\u062d \u0627\u0644\u0642\u0627\u0646\u0648\u0646 \u0627\u0644\u062c\u0632\u0627\u0626\u064a \u0627\u0644\u0644\u0628\u0646\u0627\u0646\u064a \u0627\u0644\u0642\u0633\u0645 \u0627\u0644\u0639\u0627\u0645"},"content":{"rendered":"<p dir=\"RTL\" style=\"text-align:justify\"><span style=\"font-size:12pt\"><span style=\",serif\"><span style=\"font-size:14.0pt\">\u0625\u0646 \u0643\u062a\u0627\u0628 &quot;\u0627\u0644\u0648\u062c\u064a\u0632 \u0641\u064a \u0634\u0631\u062d \u0642\u0627\u0646\u0648\u0646 \u0627\u0644\u0639\u0642\u0648\u0628\u0627\u062a \u0627\u0644\u0644\u0628\u0646\u0627\u0646\u064a &ndash; \u0627\u0644\u0642\u0633\u0645 \u0627\u0644\u0639\u0627\u0645&quot; \u064a\u0628\u062d\u062b \u0628\u0623\u0633\u0644\u0648\u0628 \u0645\u0628\u0633\u0651\u0637 \u0648\u0644\u063a\u0627\u064a\u0629 \u062a\u0639\u0644\u064a\u0645\u064a\u0629\u060c \u0645\u062c\u0645\u0644 \u0627\u0644\u0642\u0648\u0627\u0639\u062f \u0627\u0644\u062a\u064a \u064a\u0646\u0635 \u0639\u0644\u064a\u0647\u0627 \u0627\u0644\u0642\u0627\u0646\u0648\u0646 \u0627\u0644\u062c\u0632\u0627\u0626\u064a \u0627\u0644\u0639\u0627\u0645 ( \u0642\u0627\u0646\u0648\u0646 \u0627\u0644\u0639\u0642\u0648\u0628\u0627\u062a \u0627\u0644\u0644\u0628\u0646\u0627\u0646\u064a &ndash; \u0627\u0644\u0643\u062a\u0627\u0628 \u0627\u0644\u0623\u0648\u0644 \u0645\u0646 \u0627\u0644\u0645\u0627\u062f\u0629 \u0627\u0644\u0623\u0648\u0644\u0649 \u062d\u062a\u0649 \u0627\u0644\u0645\u0627\u062f\u0629 269 -) \u0641\u064a \u0636\u0648\u0621 \u0623\u062d\u0643\u0627\u0645 \u0627\u0644\u0642\u0627\u0646\u0648\u0646 \u0627\u0644\u0648\u0636\u0639\u064a \u0648 \u0627\u0644\u0645\u0628\u0627\u062f\u0626 \u0627\u0644\u0642\u0627\u0646\u0648\u0646\u064a\u0629 \u0627\u0644\u0639\u0627\u0645\u0629 \u0648\u0627\u0644\u0646\u0638\u0631\u064a\u0627\u062a \u0627\u0644\u0641\u0642\u0647\u064a\u0629 \u0627\u0644\u062c\u0632\u0627\u0626\u064a\u0629\u060c \u0648\u0628\u062e\u0627\u0635\u0629 \u062a\u0644\u0643 \u0627\u0644\u062a\u064a \u0627\u0639\u062a\u0645\u062f\u062a\u0647\u0627 \u0627\u0644\u0644\u062c\u0646\u0629 \u0627\u0644\u062a\u064a \u0648\u0636\u0639\u062a \u0645\u0634\u0631\u0648\u0639 \u0642\u0627\u0646\u0648\u0646 \u0627\u0644\u0639\u0642\u0648\u0628\u0627\u062a \u0627\u0644\u0644\u0628\u0646\u0627\u0646\u064a\u060c \u0643\u0645\u0627 \u064a\u062a\u0628\u062f\u0649 \u0645\u0646 \u0627\u0644\u062a\u0642\u0631\u064a\u0631 \u0627\u0644\u0630\u064a \u0646\u0638\u0645\u0647 \u0631\u0626\u064a\u0633 \u0627\u0644\u0644\u062c\u0646\u0629 \u0627\u0644\u0642\u0627\u0636\u064a \u0641\u0624\u0627\u062f \u0639\u0645\u0651\u0648\u0646 \u062d\u0648\u0644 \u0627\u0644\u0625\u0635\u0644\u0627\u062d \u0627\u0644\u062c\u0632\u0627\u0626\u064a&nbsp; &nbsp;(<\/span><span dir=\"LTR\" style=\"font-size:14.0pt\">Rapport g&eacute;n&eacute;ral sur la r&eacute;forme p&eacute;nale<\/span><span style=\"font-size:14.0pt\"> ) \u0641\u064a 24 \u0622\u0630\u0627\u0631 1939.<\/span><\/span><\/span><\/p>\n<p dir=\"RTL\" style=\"text-align:justify\"><span style=\"font-size:12pt\"><span style=\",serif\"><span style=\"font-size:14.0pt\">\u0628\u0627\u062f\u0626 \u0630\u064a \u0628\u062f\u0621 \u064a\u062d\u062f\u0651\u062f \u0627\u0644\u0643\u062a\u0627\u0628 \u0645\u0641\u0647\u0648\u0645 \u0627\u0644\u0642\u0627\u0646\u0648\u0646 \u0627\u0644\u062c\u0632\u0627\u0626\u064a \u0648\u0623\u0647\u062f\u0627\u0641\u0647 \u0648 \u062e\u0635\u0627\u0626\u0635\u0647 \u0648 \u0627\u0644\u0631\u0648\u0627\u0628\u0637 \u0628\u064a\u0646\u0647 \u0648\u0628\u064a\u0646 \u0628\u0639\u0636 \u0627\u0644\u0639\u0644\u0648\u0645 \u0648\u0627\u0644\u0642\u0648\u0627\u0646\u064a\u0646 \u0627\u0644\u0623\u062e\u0631\u0649\u060c \u0648\u0645\u0646 \u062b\u0645\u0651\u060c \u064a\u0639\u0631\u0636 \u0645\u0628\u0627\u062f\u0626 \u0627\u0644\u0642\u0627\u0646\u0648\u0646 \u0627\u0644\u062c\u0632\u0627\u0626\u064a \u0627\u0644\u0639\u0627\u0645 \u0648\u0623\u062d\u0643\u0627\u0645\u0647 \u0641\u064a \u062b\u0644\u0627\u062b\u0629 \u0623\u0642\u0633\u0627\u0645 \u0631\u0626\u064a\u0633\u0629:<\/span><\/span><\/span><\/p>\n<p dir=\"RTL\" style=\"text-align:justify\"><span style=\"font-size:12pt\"><span style=\",serif\"><u><span style=\"font-size:14.0pt\">\u0627\u0644\u0642\u0633\u0645 \u0627\u0644\u0623\u0648\u0644<\/span><\/u><span style=\"font-size:14.0pt\"> \u064a\u062a\u0646\u0627\u0648\u0644 \u0627\u0644\u0646\u0638\u0631\u064a\u0629 \u0627\u0644\u0639\u0627\u0645\u0629 \u0644\u0644\u062c\u0631\u064a\u0645\u0629\u060c \u0628\u062f\u0621\u0627 \u0628\u062a\u0639\u0631\u064a\u0641 \u0645\u0641\u0647\u0648\u0645 \u0627\u0644\u062c\u0631\u064a\u0645\u0629\u060c \u0643\u0648\u0627\u0642\u0639 \u0645\u062a\u062d\u0631\u0651\u0643 \u0641\u064a \u0627\u0644\u0632\u0645\u0627\u0646 \u0648\u0627\u0644\u0645\u0643\u0627\u0646\u060c \u0648\u0644\u0643\u0646 \u0645\u062a\u0644\u0627\u0632\u0645 \u0641\u064a \u0645\u062c\u0645\u0644 \u0627\u0644\u0645\u062c\u062a\u0645\u0639\u0627\u062a \u0627\u0644\u0628\u0634\u0631\u064a\u0629\u060c \u0645\u0639 \u0639\u0631\u0636 \u062a\u0635\u0646\u064a\u0641\u0627\u062a\u0647\u0627 \u0627\u0644\u0639\u0644\u0645\u064a\u0629 \u0627\u0644\u0645\u062e\u062a\u0644\u0641\u0629 \u0627\u0644\u0645\u0639\u0627\u064a\u064a\u0631 \u0648\u0645\u0627 \u064a\u0646\u062c\u0645 \u0639\u0646 \u0643\u0644 \u0645\u0646\u0647\u0627 \u0645\u0646 \u0646\u062a\u0627\u0626\u062c \u0639\u0645\u0644\u064a\u0629 \u0639\u0644\u0649 \u0635\u0639\u064a\u062f \u062a\u0637\u0628\u064a\u0642 \u0627\u0644\u0642\u0627\u0646\u0648\u0646 \u0627\u0644\u062c\u0632\u0627\u0626\u064a \u0648\u0628\u0639\u0636 \u062c\u0648\u0627\u0646\u0628 \u0642\u0627\u0646\u0648\u0646 \u0623\u0635\u0648\u0644 \u0627\u0644\u0645\u062d\u0627\u0643\u0645\u0627\u062a \u0627\u0644\u062c\u0632\u0627\u0626\u064a\u0629&hellip; \u062b\u0645 \u064a\u0633\u062a\u0639\u0631\u0636 \u0627\u0644\u0642\u0648\u0627\u0639\u062f \u0627\u0644\u0645\u062a\u0639\u0644\u0651\u0642\u0629 \u0628\u0639\u0646\u0627\u0635\u0631 \u0627\u0644\u062c\u0631\u064a\u0645\u0629: <\/span><\/span><\/span><\/p>\n<p dir=\"RTL\" style=\"text-align:justify\"><span style=\"font-size:12pt\"><span style=\",serif\"><span style=\"font-size:14.0pt\">1- \u0627\u0644\u0639\u0646\u0635\u0631 \u0627\u0644\u0642\u0627\u0646\u0648\u0646\u064a: \u062a\u0637\u0628\u064a\u0642 \u0627\u0644\u0634\u0631\u064a\u0639\u0629 \u0627\u0644\u062c\u0632\u0627\u0626\u064a\u0629 \u0645\u0646 \u062d\u064a\u062b \u0627\u0644\u0632\u0645\u0627\u0646 (\u0645\u0628\u062f\u0623 \u0634\u0631\u0639\u064a\u0629 \u0627\u0644\u062c\u0631\u064a\u0645\u0629 \u0648\u0627\u0644\u0639\u0642\u0648\u0628\u0629\u060c \u0645\u0636\u0645\u0648\u0646\u0647 \u0648\u0646\u062a\u0627\u0626\u062c\u0647&hellip;) \u0648\u0645\u0628\u062f\u0623 \u062a\u0637\u0628\u064a\u0642 \u0627\u0644\u0634\u0631\u064a\u0639\u0629 \u0627\u0644\u062c\u0632\u0627\u0626\u064a\u0629 \u0641\u064a \u0627\u0644\u0645\u0643\u0627\u0646 (\u0627\u0644\u0635\u0644\u0627\u062d\u064a\u0627\u062a \u0627\u0644\u0625\u0642\u0644\u064a\u0645\u064a\u0629&hellip; \u0648\u0627\u0644\u0639\u064a\u0646\u064a\u0629 \u0648\u0627\u0644\u0634\u062e\u0635\u064a\u0629&hellip; \u0648\u0627\u0644\u0634\u0627\u0645\u0644\u0629&hellip;) \u0648\u0645\u0648\u0642\u0641 \u0627\u0644\u0642\u0627\u0646\u0648\u0646 \u0627\u0644\u0644\u0628\u0646\u0627\u0646\u064a \u0645\u0646 \u0627\u0644\u0642\u0648\u0627\u0646\u064a\u0646 \u0648\u0627\u0644\u0623\u062d\u0643\u0627\u0645 \u0627\u0644\u062c\u0632\u0627\u0626\u064a\u0629 \u0627\u0644\u0623\u062c\u0646\u0628\u064a\u0629&hellip; \u0648\u0645\u0639\u0627\u0645\u0644\u0629 \u0627\u0644\u0627\u0633\u062a\u0631\u062f\u0627\u062f.<\/span><\/span><\/span><\/p>\n<p dir=\"RTL\" style=\"text-align:justify\"><span style=\"font-size:12pt\"><span style=\",serif\"><span style=\"font-size:14.0pt\">2- \u0627\u0644\u0639\u0646\u0635\u0631 \u0627\u0644\u0645\u0627\u062f\u064a: \u0645\u0648\u0636\u0648\u0639 \u0627\u0644\u0627\u0639\u062a\u062f\u0627\u0621&hellip; \u0648 \u0627\u0644\u0641\u0639\u0644 \u0627\u0644\u062c\u0631\u0645\u064a&hellip; \u0648 \u0627\u0644\u0646\u062a\u064a\u062c\u0629 \u0627\u0644\u062c\u0631\u0645\u064a\u0629&hellip; \u0648 \u0627\u0644\u0635\u0644\u0629 \u0627\u0644\u0633\u0628\u0628\u064a\u0629&hellip;<\/span><\/span><\/span><\/p>\n<p dir=\"RTL\" style=\"text-align:justify\"><span style=\"font-size:12pt\"><span style=\",serif\"><span style=\"font-size:14.0pt\">3- \u0627\u0644\u0639\u0646\u0635\u0631 \u0627\u0644\u0645\u0639\u0646\u0648\u064a: \u0641\u064a \u0627\u0644\u062c\u0631\u0627\u0626\u0645 \u0627\u0644\u0645\u0642\u0635\u0648\u062f\u0629 (\u0627\u0644\u0642\u0635\u062f \u0627\u0644\u062c\u0631\u0645\u064a \u0648 \u0623\u0646\u0648\u0627\u0639\u0647 &hellip; \u0648 \u0627\u0644\u062f\u0627\u0641\u0639)&hellip; \u0648\u0627\u0644\u062c\u0631\u0627\u0626\u0645 \u063a\u064a\u0631 \u0627\u0644\u0645\u0642\u0635\u0648\u062f\u0629&hellip; \u0648 \u0627\u0644\u062c\u0631\u0627\u0626\u0645 \u0627\u0644\u0645\u062a\u0639\u062f\u064a\u0651\u0629 \u0627\u0644\u0642\u0635\u062f.<\/span><\/span><\/span><\/p>\n<p dir=\"RTL\" style=\"text-align:justify\"><span style=\"font-size:12pt\"><span style=\",serif\"><u><span style=\"font-size:14.0pt\">\u0627\u0644\u0642\u0633\u0645 \u0627\u0644\u062b\u0627\u0646\u064a<\/span><\/u><span style=\"font-size:14.0pt\"> \u064a\u0628\u062d\u062b \u0641\u064a \u0627\u0644\u0645\u0633\u0624\u0648\u0644\u064a\u0629 \u0627\u0644\u062c\u0632\u0627\u0626\u064a\u0629\u060c \u0644\u062c\u0647\u0629 \u0623\u0633\u0633\u0647\u0627 \u0648\u0623\u0631\u0643\u0627\u0646\u0647\u0627\u060c \u0648 \u0627\u0644\u0645\u0633\u0624\u0648\u0644\u064a\u0646 \u0639\u0646\u0647\u0627\u060c \u0641\u064a \u062d\u0627\u0644\u0629 \u0627\u0631\u062a\u0643\u0627\u0628 \u0627\u0644\u062c\u0631\u064a\u0645\u0629 \u0645\u0646 \u0642\u0628\u0644 \u0634\u062e\u0635 \u0648\u0627\u062d\u062f\u060c \u0637\u0628\u064a\u0639\u064a \u0623\u0648 \u0645\u0639\u0646\u0648\u064a&hellip; \u0648\u0641\u064a \u062d\u0627\u0644\u0629 \u062a\u0639\u062f\u0651\u062f \u0627\u0644\u0645\u0633\u0647\u0645\u064a\u0646 \u0641\u064a \u0627\u0644\u062c\u0631\u064a\u0645\u0629 (\u0627\u0644\u0641\u0627\u0639\u0644 \u0648\u0627\u0644\u0634\u0631\u064a\u0643&hellip;\u0648\u0627\u0644\u0645\u062d\u0631\u0651\u0636&hellip; \u0648\u0627\u0644\u0645\u062a\u062f\u062e\u0644&hellip; \u0648\u0627\u0644\u0645\u062e\u0628\u0651\u0626&hellip;) \u0648\u0645\u0646 \u062b\u0645\u0651\u060c \u064a\u0633\u062a\u0639\u0631\u0636 \u0645\u0648\u0627\u0646\u0639 \u0627\u0644\u0645\u0633\u0624\u0648\u0644\u064a\u0629 \u0627\u0644\u062c\u0632\u0627\u0626\u064a\u0629 \u0627\u0644\u0643\u0644\u064a\u0651\u0629 \u0623\u0648 \u0627\u0644\u062c\u0632\u0626\u064a\u0629 (\u0645\u0631\u0636 \u0627\u0644\u062c\u0646\u0648\u0646&hellip; \u0627\u0644\u062a\u0633\u0645\u0645 \u0628\u0627\u0644\u0643\u062d\u0648\u0644 \u0623\u0648 \u0628\u0627\u0644\u0645\u062e\u062f\u0631\u0627\u062a&hellip; \u0627\u0644\u0642\u0635\u0631&hellip; \u0648\u0627\u0644\u063a\u0644\u0637&hellip; \u0627\u0644\u0625\u0643\u0631\u0627\u0647&hellip; \u062d\u0627\u0644\u0629 \u0627\u0644\u0636\u0631\u0648\u0631\u0629&hellip; \u0645\u0631\u0636 \u0627\u0644\u0639\u062a\u0647&hellip;) \u0643\u0645\u0627 \u0623\u0633\u0628\u0627\u0628 \u0627\u0644\u062a\u0628\u0631\u064a\u0631 (\u0645\u0645\u0627\u0631\u0633\u0629 \u0627\u0644\u062d\u0642&hellip; \u0627\u0644\u062f\u0641\u0627\u0639 \u0627\u0644\u0645\u0634\u0631\u0648\u0639&hellip; \u062a\u0646\u0641\u064a\u0630 \u0623\u062d\u0643\u0627\u0645 \u0627\u0644\u0642\u0627\u0646\u0648\u0646 \u0623\u0648 \u0623\u0645\u0631 \u0627\u0644\u0633\u0644\u0637\u0629 \u0627\u0644\u0634\u0631\u0639\u064a&hellip; \u0631\u0636\u0649 \u0627\u0644\u0645\u062c\u0646\u064a \u0639\u0644\u064a\u0647&hellip;).<\/span><\/span><\/span><\/p>\n<p dir=\"RTL\" style=\"text-align:justify\"><span style=\"font-size:12pt\"><span style=\",serif\"><u><span style=\"font-size:14.0pt\">\u0627\u0644\u0642\u0633\u0645 \u0627\u0644\u062b\u0627\u0644\u062b<\/span><\/u><span style=\"font-size:14.0pt\"> \u064a\u062a\u0646\u0627\u0648\u0644 \u0627\u0644\u0646\u0638\u0631\u064a\u0629 \u0627\u0644\u0639\u0627\u0645\u0629 \u0644\u0644\u062c\u0632\u0627\u0621: <\/span><\/span><\/span><\/p>\n<p dir=\"RTL\" style=\"text-align:justify\"><span style=\"font-size:12pt\"><span style=\",serif\"><span style=\"font-size:14.0pt\">\u0641\u064a \u0628\u0627\u0628 \u0623\u0648\u0644\u060c \u0628\u0639\u062f \u062a\u0639\u0631\u064a\u0641 \u0643\u0644 \u0645\u0646 \u0627\u0644\u0639\u0642\u0648\u0628\u0629 \u0648\u0627\u0644\u062a\u062f\u0628\u064a\u0631 \u0627\u0644\u0627\u062d\u062a\u0631\u0627\u0632\u064a\u060c \u0648\u0639\u0631\u0636 \u0623\u0647\u062f\u0627\u0641 \u0648 \u062e\u0635\u0627\u0626\u0635 \u0643\u0644 \u0645\u0646\u0647\u0645\u0627\u060c \u064a\u0633\u062a\u0639\u0631\u0636 \u0627\u0644\u0643\u062a\u0627\u0628 \u0627\u0644\u062a\u0635\u0646\u064a\u0641\u0627\u062a \u0627\u0644\u062a\u064a \u062a\u062f\u0631\u0633 \u0627\u0644\u0639\u0642\u0648\u0628\u0627\u062a\u060c \u0644\u062c\u0647\u0629 \u0645\u0627\u0647\u064a\u062a\u0647\u0627 \u0648\u0645\u0639\u0627\u064a\u064a\u0631\u0647\u0627 \u0648\u0646\u062a\u0627\u0626\u062c\u0647\u0627 \u0627\u0644\u0639\u0645\u0644\u064a\u0629&hellip; \u0648\u0645\u0627 \u0646\u0635\u0651 \u0639\u0644\u064a\u0647 \u0642\u0627\u0646\u0648\u0646 \u0627\u0644\u0639\u0642\u0648\u0628\u0627\u062a \u0627\u0644\u0644\u0628\u0646\u0627\u0646\u064a \u0641\u064a \u0647\u0630\u0627 \u0627\u0644\u0645\u062c\u0627\u0644&hellip; \u062b\u0645 \u064a\u0628\u062d\u062b \u0641\u064a \u062a\u062f\u0627\u0628\u064a\u0631 \u0627\u0644\u0627\u062d\u062a\u0631\u0627\u0632 \u0641\u064a \u0647\u0630\u0627 \u0627\u0644\u0642\u0627\u0646\u0648\u0646 \u0648\u0628\u0639\u062f\u0647\u0627 \u0641\u064a \u062a\u062f\u0627\u0628\u064a\u0631 \u0627\u0644\u0631\u0639\u0627\u064a\u0629 \u0648\u0627\u0644\u0625\u0635\u0644\u0627\u062d \u0627\u0644\u062e\u0627\u0635\u0629 \u0628\u0627\u0644\u0642\u0627\u0635\u0631\u064a\u0646 \u0648\u0641\u0642\u0627 \u0644\u0644\u0642\u0627\u0646\u0648\u0646 \u0631\u0642\u0645 422\/2002&hellip;<\/span><\/span><\/span><\/p>\n<p dir=\"RTL\" style=\"text-align:justify\"><span style=\"font-size:12pt\"><span style=\",serif\"><span style=\"font-size:14.0pt\">\u0648\u0641\u064a \u0628\u0627\u0628 \u062b\u0627\u0646\u064d\u060c \u064a\u0634\u0631\u062d \u0627\u0644\u0643\u062a\u0627\u0628 \u0623\u0635\u0648\u0644 \u062a\u062d\u062f\u064a\u062f \u0627\u0644\u062c\u0632\u0627\u0621 \u0648\u062a\u0637\u0628\u064a\u0642\u0647 \u0641\u064a \u062d\u0627\u0644 \u0627\u0631\u062a\u0643\u0627\u0628 \u062c\u0631\u064a\u0645\u0629 \u0648\u0627\u062d\u062f\u0629 (\u0627\u0644\u0625\u0639\u062f\u0627\u0645&hellip; \u0648\u0627\u0644\u0639\u0642\u0648\u0628\u0627\u062a \u0627\u0644\u062d\u0627\u0631\u0645\u0629 \u0645\u0646 \u0627\u0644\u062d\u0631\u064a\u0629&hellip; \u0648\u0627\u0644\u063a\u0631\u0627\u0645\u0629&hellip; \u0648\u062a\u062f\u0627\u0628\u064a\u0631 \u0627\u0644\u0627\u062d\u062a\u0631\u0627\u0632&hellip;) \u062b\u0645 \u0641\u064a \u062d\u0627\u0644 \u0627\u0631\u062a\u0643\u0627\u0628 \u0623\u0643\u062b\u0631 \u0645\u0646 \u062c\u0631\u064a\u0645\u0629 ( \u0627\u062c\u062a\u0645\u0627\u0639 \u0627\u0644\u062c\u0631\u0627\u0626\u0645 \u0627\u0644\u0645\u0627\u062f\u064a&hellip; \u0648\u0627\u0644\u0645\u0639\u0646\u0648\u064a&hellip; \u062a\u0632\u0627\u062d\u0645 \u0627\u0644\u0646\u0635\u0648\u0635&hellip;) \u0648\u064a\u062a\u0637\u0631\u0651\u0642 \u0625\u0644\u0649 \u0623\u0633\u0628\u0627\u0628 \u062a\u062e\u0641\u064a\u0641 \u0627\u0644\u0639\u0642\u0648\u0628\u0627\u062a (\u0627\u0644\u0623\u0639\u0630\u0627\u0631 \u0627\u0644\u0642\u0627\u0646\u0648\u0646\u064a\u0629&hellip;\u0627\u0644\u0623\u0633\u0628\u0627\u0628 \u0627\u0644\u062a\u0642\u062f\u064a\u0631\u064a\u0629&hellip;) \u0648\u0627\u0644\u0638\u0631\u0648\u0641 \u0627\u0644\u0645\u0634\u062f\u0651\u062f\u0629 \u0644\u0644\u0639\u0642\u0648\u0628\u0629&hellip; \u0648\u0627\u0644\u0642\u0648\u0627\u0639\u062f \u0627\u0644\u0648\u0627\u062c\u0628 \u0627\u062a\u0628\u0627\u0639\u0647\u0627 \u0645\u062a\u0649 \u0627\u062c\u062a\u0645\u0639\u062a \u0623\u0633\u0628\u0627\u0628 \u0627\u0644\u062a\u062e\u0641\u064a\u0641 \u0645\u0639 \u0623\u0633\u0628\u0627\u0628 \u0627\u0644\u062a\u0634\u062f\u064a\u062f&hellip; \u0643\u0645\u0627 \u064a\u0633\u062a\u0639\u0631\u0636 \u0642\u0648\u0627\u0639\u062f \u062a\u0639\u0644\u064a\u0642 \u062a\u0646\u0641\u064a\u0630 \u0627\u0644\u0639\u0642\u0648\u0628\u0629 (\u0627\u0644\u062d\u0643\u0645 \u0645\u0639 \u0648\u0642\u0641 \u0627\u0644\u062a\u0646\u0641\u064a\u0630&hellip; \u0648 \u062a\u0639\u0644\u064a\u0642 \u0627\u0644\u0639\u0642\u0648\u0628\u0629 \u0627\u0644\u062a\u064a \u0642\u064a\u062f \u0627\u0644\u062a\u0646\u0641\u064a\u0630 &ndash; \u0627\u0644\u0642\u0627\u0646\u0648\u0646 \u0631\u0642\u0645 463\/2002- ) \u0648\u0645\u0646 \u062b\u0645\u0651\u060c \u064a\u0639\u0631\u0636 \u0623\u0633\u0628\u0627\u0628 \u0633\u0642\u0648\u0637 \u0627\u0644\u062c\u0632\u0627\u0621&hellip; \u0645\u0639 \u0628\u0642\u0627\u0621 \u0645\u0641\u0627\u0639\u064a\u0644 \u0627\u0644\u0625\u062f\u0627\u0646\u0629 (\u0648\u0641\u0627\u0629 \u0627\u0644\u0645\u062d\u0643\u0648\u0645 \u0639\u0644\u064a\u0647&hellip; \u0648 \u0627\u0644\u0639\u0641\u0648 \u0627\u0644\u062e\u0627\u0635&hellip; \u0648 \u0645\u0631\u0648\u0631 \u0627\u0644\u0632\u0645\u0646&hellip;) \u0648 \u0633\u0642\u0648\u0637 \u0627\u0644\u062c\u0632\u0627\u0621 \u0645\u0639 \u0645\u0641\u0627\u0639\u064a\u0644 \u0627\u0644\u0625\u062f\u0627\u0646\u0629 (\u0627\u0644\u0639\u0641\u0648 \u0627\u0644\u0639\u0627\u0645&hellip; \u0648\u0625\u0639\u0627\u062f\u0629 \u0627\u0644\u0627\u0639\u062a\u0628\u0627\u0631). &nbsp;&nbsp;&nbsp;<\/span><\/span><\/span><\/p>\n","protected":false},"excerpt":{"rendered":"<p>\u0625\u0646 \u0643\u062a\u0627\u0628 &#8220;\u0627\u0644\u0648\u062c\u064a\u0632 \u0641\u064a \u0634\u0631\u062d \u0642\u0627\u0646\u0648\u0646 \u0627\u0644\u0639\u0642\u0648\u0628\u0627\u062a \u0627\u0644\u0644\u0628\u0646\u0627\u0646\u064a \u2013 \u0627\u0644\u0642\u0633\u0645 \u0627\u0644\u0639\u0627\u0645&#8221; \u064a\u0628\u062d\u062b \u0628\u0623\u0633\u0644\u0648\u0628 \u0645\u0628\u0633\u0651\u0637 \u0648\u0644\u063a\u0627\u064a\u0629 \u062a\u0639\u0644\u064a\u0645\u064a\u0629\u060c \u0645\u062c\u0645\u0644 \u0627\u0644\u0642\u0648\u0627\u0639\u062f \u0627\u0644\u062a\u064a \u064a\u0646\u0635 \u0639\u0644\u064a\u0647\u0627 \u0627\u0644\u0642\u0627\u0646\u0648\u0646 \u0627\u0644\u062c\u0632\u0627\u0626\u064a \u0627\u0644\u0639\u0627\u0645 ( \u0642\u0627\u0646\u0648\u0646 \u0627\u0644\u0639\u0642\u0648\u0628\u0627\u062a \u0627\u0644\u0644\u0628\u0646\u0627\u0646\u064a \u2013 \u0627\u0644\u0643\u062a\u0627\u0628 \u0627\u0644\u0623\u0648\u0644 \u0645\u0646 \u0627\u0644\u0645\u0627\u062f\u0629 \u0627\u0644\u0623\u0648\u0644\u0649 \u062d\u062a\u0649 \u0627\u0644\u0645\u0627\u062f\u0629 269 -) \u0641\u064a \u0636\u0648\u0621 \u0623\u062d\u0643\u0627\u0645 \u0627\u0644\u0642\u0627\u0646\u0648\u0646 \u0627\u0644\u0648\u0636\u0639\u064a \u0648 \u0627\u0644\u0645\u0628\u0627\u062f\u0626 \u0627\u0644\u0642\u0627\u0646\u0648\u0646\u064a\u0629 \u0627\u0644\u0639\u0627\u0645\u0629 \u0648\u0627\u0644\u0646\u0638\u0631\u064a\u0627\u062a \u0627\u0644\u0641\u0642\u0647\u064a\u0629 \u0627\u0644\u062c\u0632\u0627\u0626\u064a\u0629\u060c \u0648\u0628\u062e\u0627\u0635\u0629 \u062a\u0644\u0643 \u0627\u0644\u062a\u064a \u0627\u0639\u062a\u0645\u062f\u062a\u0647\u0627 \u0627\u0644\u0644\u062c\u0646\u0629 \u0627\u0644\u062a\u064a \u0648\u0636\u0639\u062a \u0645\u0634\u0631\u0648\u0639 \u0642\u0627\u0646\u0648\u0646 \u0627\u0644\u0639\u0642\u0648\u0628\u0627\u062a \u0627\u0644\u0644\u0628\u0646\u0627\u0646\u064a\u060c \u0643\u0645\u0627 \u064a\u062a\u0628\u062f\u0649 \u0645\u0646 \u0627\u0644\u062a\u0642\u0631\u064a\u0631 \u0627\u0644\u0630\u064a \u0646\u0638\u0645\u0647 \u0631\u0626\u064a\u0633 \u0627\u0644\u0644\u062c\u0646\u0629 \u0627\u0644\u0642\u0627\u0636\u064a \u0641\u0624\u0627\u062f \u0639\u0645\u0651\u0648\u0646 \u062d\u0648\u0644 \u0627\u0644\u0625\u0635\u0644\u0627\u062d \u0627\u0644\u062c\u0632\u0627\u0626\u064a   (Rapport g\u00e9n\u00e9ral sur la r\u00e9forme p\u00e9nale ) \u0641\u064a 24 \u0622\u0630\u0627\u0631 1939.<\/p>\n","protected":false},"featured_media":2701,"comment_status":"open","ping_status":"closed","template":"","meta":{"_acf_changed":false},"product_brand":[],"product_cat":[337],"product_tag":[],"class_list":{"0":"post-8655","1":"product","2":"type-product","3":"status-publish","4":"has-post-thumbnail","6":"product_cat-sader-lib-1","8":"first","9":"instock","10":"shipping-taxable","11":"purchasable","12":"product-type-simple"},"acf":[],"_links":{"self":[{"href":"https:\/\/sader.tedmob.com\/en\/wp-json\/wp\/v2\/product\/8655","targetHints":{"allow":["GET"]}}],"collection":[{"href":"https:\/\/sader.tedmob.com\/en\/wp-json\/wp\/v2\/product"}],"about":[{"href":"https:\/\/sader.tedmob.com\/en\/wp-json\/wp\/v2\/types\/product"}],"replies":[{"embeddable":true,"href":"https:\/\/sader.tedmob.com\/en\/wp-json\/wp\/v2\/comments?post=8655"}],"wp:featuredmedia":[{"embeddable":true,"href":"https:\/\/sader.tedmob.com\/en\/wp-json\/wp\/v2\/media\/2701"}],"wp:attachment":[{"href":"https:\/\/sader.tedmob.com\/en\/wp-json\/wp\/v2\/media?parent=8655"}],"wp:term":[{"taxonomy":"product_brand","embeddable":true,"href":"https:\/\/sader.tedmob.com\/en\/wp-json\/wp\/v2\/product_brand?post=8655"},{"taxonomy":"product_cat","embeddable":true,"href":"https:\/\/sader.tedmob.com\/en\/wp-json\/wp\/v2\/product_cat?post=8655"},{"taxonomy":"product_tag","embeddable":true,"href":"https:\/\/sader.tedmob.com\/en\/wp-json\/wp\/v2\/product_tag?post=8655"}],"curies":[{"name":"wp","href":"https:\/\/api.w.org\/{rel}","templated":true}]}}