{"id":8657,"date":"2026-02-05T20:03:40","date_gmt":"2026-02-05T20:03:40","guid":{"rendered":"https:\/\/sader.tedmob.com\/shop\/ethique-et-droit-de-la-sante-etudes-de-droit-libanais\/"},"modified":"2026-04-10T13:09:30","modified_gmt":"2026-04-10T13:09:30","slug":"ethique-et-droit-de-la-sante-etudes-de-droit-libanais","status":"publish","type":"product","link":"https:\/\/sader.tedmob.com\/en\/shop\/ethique-et-droit-de-la-sante-etudes-de-droit-libanais\/","title":{"rendered":"ETHIQUE ET DROIT DE LA SANTE (Etudes de droit Libanais)"},"content":{"rendered":"<p style=\"text-align:justify\"><span style=\"font-size:12pt\"><span style=\"font-family:Arial,sans-serif\"><strong>Nasri Antoine Diab est l&rsquo;un des sp&eacute;cialistes du droit de la sant&eacute; au Liban. Professeur de droit et avocat aux Barreaux de Beyrouth et de Paris, il est membre du Comit&eacute; d&rsquo;Ethique M&eacute;dicale de l&rsquo;H&ocirc;tel-Dieu de France (USJ)&nbsp; depuis 2011, ainsi que du Comit&eacute; Consultatif National Libanais d&rsquo;Ethique (CCNLE) pour les sciences de la vie et de la sant&eacute;. <\/strong><\/span><\/span><\/p>\n<p style=\"text-align:justify\">&nbsp;<\/p>\n<p style=\"text-align:justify\"><span style=\"font-size:12pt\"><span style=\"font-family:Arial,sans-serif\">Il a plus de vingt-cinq ans d&rsquo;exp&eacute;rience en tant que conseil d&rsquo;h&ocirc;pitaux, de laboratoires, de soci&eacute;t&eacute;s de management de la sant&eacute; et de m&eacute;decins. Il a donn&eacute; des cours et des s&eacute;minaires de droit de la sant&eacute; &agrave; l&rsquo;Institut de Gestion de la Sant&eacute; de la Facult&eacute; de M&eacute;decine de l&#039;Universit&eacute; Saint-Joseph ainsi que des &laquo;&nbsp;<em>lectures<\/em>&nbsp;&raquo; &agrave; la Faculty of Medicine &amp; Medical Sciences &ndash; University of Balamand. <\/span><\/span><\/p>\n<p style=\"text-align:justify\">&nbsp;<\/p>\n<p style=\"text-align:justify\"><span style=\"font-size:12pt\"><span style=\"font-family:Arial,sans-serif\">Il a publi&eacute; un grand nombre d&rsquo;articles de droit de la sant&eacute;, parus dans&nbsp;la <strong>Revue du Barreau de Beyrouth &laquo;&nbsp;<em>Al Adl<\/em>&nbsp;&raquo;<\/strong>, <strong>Travaux et Jours<\/strong> (revue de l&rsquo;Universit&eacute; Saint-Joseph), <strong>Proche-Orient Etudes Juridiques<\/strong> (revue de la Facult&eacute; de Droit de l&rsquo;Universit&eacute; Saint-Joseph), Alcino&eacute; (revue de philosophie), <strong>La Revue Libanaise de M&eacute;decine d&rsquo;Urgence<\/strong>, la revue <strong>Cap Sant&eacute; &ndash; H&ocirc;tel Dieu de France<\/strong>, et la revue fran&ccedil;aise de r&eacute;f&eacute;rence en psychiatrie <strong>L&rsquo;Enc&eacute;phale<\/strong>. Il est <em>Review Editor on the Editorial Board of Social Psychiatry and Psychiatric Rehabilitation<\/em> (section sp&eacute;ciale de la revue &laquo; <strong><em>Frontiers in Psychiatry<\/em><\/strong> &raquo;) et &eacute;tait membre du Conseil scientifique de la Revue Libanaise de M&eacute;decine d&rsquo;Urgence. <\/span><\/span><\/p>\n<p>&nbsp;<\/p>\n<p style=\"text-align:justify\"><span style=\"font-size:12pt\"><span style=\"font-family:Arial,sans-serif\">L&rsquo;ouvrage couvre des sujets qui int&eacute;ressent les juristes (avocats, magistrats, enseignants-chercheurs), les professionnels de la sant&eacute; (m&eacute;decins, infirmiers, psychologues, etc.) et les patients: la faute m&eacute;dicale&nbsp;; la m&eacute;decine d&rsquo;urgence&nbsp;; les infections hospitali&egrave;res&nbsp;; le droit du patient &agrave; l&rsquo;information; le secret m&eacute;dical&nbsp;; le droit de la sant&eacute; au travail&nbsp;; la r&eacute;glementation de la profession de psychologue&nbsp;; la r&eacute;glementation et la d&eacute;ontologie de la profession infirmi&egrave;re&nbsp;; le comit&eacute; d&rsquo;&eacute;thique au sein de l&rsquo;h&ocirc;pital&nbsp;; etc. L&rsquo;appareil de r&eacute;f&eacute;rence (plus de mille notes de bas de page) permet au lecteur d&rsquo;approfondir sa recherche et sa r&eacute;flexion.<\/span><\/span><\/p>\n<p>&nbsp;<\/p>\n","protected":false},"excerpt":{"rendered":"<p>L\u2019ouvrage couvre des sujets qui int\u00e9ressent les juristes (avocats, magistrats, enseignants-chercheurs), les professionnels de la sant\u00e9 (m\u00e9decins, infirmiers, psychologues, etc.) et les patients: la faute m\u00e9dicale ; la m\u00e9decine d\u2019urgence ; les infections hospitali\u00e8res ; le droit du patient \u00e0 l\u2019information; le secret m\u00e9dical ; le droit de la sant\u00e9 au travail ; la r\u00e9glementation de la profession de psychologue ; la r\u00e9glementation et la d\u00e9ontologie de la profession infirmi\u00e8re ; le comit\u00e9 d\u2019\u00e9thique au sein de l\u2019h\u00f4pital ; etc. L\u2019appareil de r\u00e9f\u00e9rence (plus de mille notes de bas de page) permet au lecteur d\u2019approfondir sa recherche et sa r\u00e9flexion.<\/p>\n","protected":false},"featured_media":2584,"comment_status":"open","ping_status":"closed","template":"","meta":{"_acf_changed":false},"product_brand":[],"product_cat":[337],"product_tag":[],"class_list":{"0":"post-8657","1":"product","2":"type-product","3":"status-publish","4":"has-post-thumbnail","6":"product_cat-sader-lib-1","8":"first","9":"instock","10":"shipping-taxable","11":"purchasable","12":"product-type-simple"},"acf":[],"_links":{"self":[{"href":"https:\/\/sader.tedmob.com\/en\/wp-json\/wp\/v2\/product\/8657","targetHints":{"allow":["GET"]}}],"collection":[{"href":"https:\/\/sader.tedmob.com\/en\/wp-json\/wp\/v2\/product"}],"about":[{"href":"https:\/\/sader.tedmob.com\/en\/wp-json\/wp\/v2\/types\/product"}],"replies":[{"embeddable":true,"href":"https:\/\/sader.tedmob.com\/en\/wp-json\/wp\/v2\/comments?post=8657"}],"wp:featuredmedia":[{"embeddable":true,"href":"https:\/\/sader.tedmob.com\/en\/wp-json\/wp\/v2\/media\/2584"}],"wp:attachment":[{"href":"https:\/\/sader.tedmob.com\/en\/wp-json\/wp\/v2\/media?parent=8657"}],"wp:term":[{"taxonomy":"product_brand","embeddable":true,"href":"https:\/\/sader.tedmob.com\/en\/wp-json\/wp\/v2\/product_brand?post=8657"},{"taxonomy":"product_cat","embeddable":true,"href":"https:\/\/sader.tedmob.com\/en\/wp-json\/wp\/v2\/product_cat?post=8657"},{"taxonomy":"product_tag","embeddable":true,"href":"https:\/\/sader.tedmob.com\/en\/wp-json\/wp\/v2\/product_tag?post=8657"}],"curies":[{"name":"wp","href":"https:\/\/api.w.org\/{rel}","templated":true}]}}